{"id":29,"date":"2025-12-28T17:29:16","date_gmt":"2025-12-28T17:29:16","guid":{"rendered":"http:\/\/katouphotographie.com\/index.php\/client-galleries\/account\/"},"modified":"2025-12-28T22:44:20","modified_gmt":"2025-12-28T20:44:20","slug":"account","status":"publish","type":"page","link":"https:\/\/katouphotographie.com\/index.php\/client-galleries\/account\/","title":{"rendered":"Compte"},"content":{"rendered":"<div id=\"sunshine--account--login-signup\">\n\n\t\n\t<div id=\"sunshine--account--login\">\n\t\t<div id=\"sunshine--account--login-form\">\n\n\t\n\t<div class=\"sunshine--account--login--title sunshine--modal--title\">Connexion<\/div>\n\n\t<form method=\"post\" action=\"\" class=\"sunshine--form--fields\">\n\t\t<input type=\"hidden\" id=\"sunshine_login\" name=\"sunshine_login\" value=\"e088e166b1\" \/><input type=\"hidden\" name=\"_wp_http_referer\" value=\"\/index.php\/wp-json\/wp\/v2\/pages\/29\" \/>\t\t<div class=\"sunshine--form--field\">\n\t\t\t<label for=\"sunshine-login-email\">Adresse e-mail<\/label>\n\t\t\t<input type=\"email\" name=\"sunshine_login_email\" id=\"sunshine-login-email\" required=\"required\" \/>\n\t\t<\/div>\n\t\t<div class=\"sunshine--form--field\">\n\t\t\t<label for=\"sunshine-login-password\">Mot de passe<\/label>\n\t\t\t<input type=\"password\" name=\"sunshine_login_password\" id=\"sunshine-login-password\" required=\"required\" \/>\n\t\t<\/div>\n\t\t<div class=\"sunshine--form--field sunshine--form--field-submit\">\n\t\t\t<button type=\"submit\" class=\"button sunshine--button\">Connexion<\/button>\n\t\t\t<div class=\"sunshine--form--field--desc sunshine--account--reset-password-toggle\"><a href=\"#password\" onclick=\"jQuery( '#sunshine--account--login-form, #sunshine--account--reset-password-form' ).toggle(); return false;\">Mot de passe perdu ?<\/a><\/div>\n\t\t<\/div>\n\t\t\t<\/form>\n\n<\/div>\n\n<div id=\"sunshine--account--reset-password-form\" style=\"display: none;\">\n\t<div class=\"sunshine--account--login--title sunshine--modal--title\">R\u00e9initialiser le mot de passe<\/div>\n\t<form method=\"post\" action=\"\" class=\"sunshine--form--fields\">\n\t\t<input type=\"hidden\" id=\"sunshine_reset_password_nonce\" name=\"sunshine_reset_password_nonce\" value=\"a1fa6e512f\" \/><input type=\"hidden\" name=\"_wp_http_referer\" value=\"\/index.php\/wp-json\/wp\/v2\/pages\/29\" \/>\t\t<div class=\"sunshine--form--field\">\n\t\t\t<label for=\"sunshine-reset-password-email\">Adresse e-mail<\/label>\n\t\t\t<input type=\"email\" name=\"sunshine_reset_password_email\" id=\"sunshine-reset-password-email\" required=\"required\" autocomplete=\"email\" \/>\n\t\t\t<div class=\"sunshine--form--field--desc\">Un courriel sera envoy\u00e9 \u00e0 cette adresse avec des instructions sur la mani\u00e8re de r\u00e9initialiser votre mot de passe<\/div>\n\t\t<\/div>\n\t\t<div class=\"sunshine--form--field sunshine--form--field-submit\">\n\t\t\t<button type=\"submit\" class=\"button sunshine--button\">Obtenir un nouveau mot de passe<\/button>\n\t\t\t<div class=\"sunshine--form--field--desc sunshine--account--reset-password-toggle\"><a href=\"#password\" onclick=\"jQuery( '#sunshine--account--login-form, #sunshine--account--reset-password-form' ).toggle(); return false;\">Retour \u00e0 la connexion<\/a><\/div>\n\t\t<\/div>\n\t<\/form>\n<\/div>\n\t<\/div>\n\n\t\t<div id=\"sunshine--account--signup\">\n\t\t<div class=\"sunshine--account--login--title sunshine--modal--title\">S&#039;inscrire<\/div>\n<form method=\"post\" action=\"\" id=\"sunshine--account--signup-form\" class=\"sunshine--form--fields\">\n\t<input type=\"hidden\" id=\"sunshine_signup\" name=\"sunshine_signup\" value=\"7a7c4588fe\" \/><input type=\"hidden\" name=\"_wp_http_referer\" value=\"\/index.php\/wp-json\/wp\/v2\/pages\/29\" \/>\t<div class=\"sunshine--form--field\">\n\t\t<label for=\"sunshine-signup-email\">Adresse e-mail<\/label>\n\t\t<input type=\"email\" name=\"sunshine_signup_email\" id=\"sunshine-signup-email\" required=\"required\" autocomplete=\"email\" \/>\n\t<\/div>\n\t<div class=\"sunshine--form--field\">\n\t\t<label for=\"sunshine-signup-password\">Mot de passe <\/label>\n\t\t<input type=\"password\" name=\"sunshine_signup_password\" id=\"sunshine-signup-password\" autocomplete=\"new-password\" \n\t\t\t\t\trequired=\"required\" \/>\n\t<\/div>\n\t<div class=\"sunshine--form--field sunshine--form--field-half\">\n\t\t<label for=\"sunshine-signup-first-name\">Pr\u00e9nom <\/label>\n\t\t<input type=\"text\" name=\"sunshine_signup_first_name\" id=\"sunshine-signup-first-name\" autocomplete=\"given-name\" \/>\n\t<\/div>\n\t<div class=\"sunshine--form--field sunshine--form--field-half\">\n\t\t<label for=\"sunshine-signup-last-name\">Nom <\/label>\n\t\t<input type=\"text\" name=\"sunshine_signup_last_name\" id=\"sunshine-signup-last-name\" autocomplete=\"family-name\" \n\t\t\t\t\trequired=\"required\" \/>\n\t<\/div>\n\t\t<div class=\"sunshine--form--field sunshine--form--field-submit\">\n\t\t<button type=\"submit\" class=\"sunshine--button\">Cr\u00e9er un compte<\/button>\n\t<\/div>\n\t<\/form>\n\t<\/div>\n\t\n<\/div>\n\n","protected":false},"excerpt":{"rendered":"","protected":false},"author":1,"featured_media":0,"parent":28,"menu_order":0,"comment_status":"closed","ping_status":"closed","template":"","meta":{"_glsr_average":0,"_glsr_ranking":0,"_glsr_reviews":0,"footnotes":""},"class_list":["post-29","page","type-page","status-publish","hentry"],"_links":{"self":[{"href":"https:\/\/katouphotographie.com\/index.php\/wp-json\/wp\/v2\/pages\/29","targetHints":{"allow":["GET"]}}],"collection":[{"href":"https:\/\/katouphotographie.com\/index.php\/wp-json\/wp\/v2\/pages"}],"about":[{"href":"https:\/\/katouphotographie.com\/index.php\/wp-json\/wp\/v2\/types\/page"}],"author":[{"embeddable":true,"href":"https:\/\/katouphotographie.com\/index.php\/wp-json\/wp\/v2\/users\/1"}],"replies":[{"embeddable":true,"href":"https:\/\/katouphotographie.com\/index.php\/wp-json\/wp\/v2\/comments?post=29"}],"version-history":[{"count":1,"href":"https:\/\/katouphotographie.com\/index.php\/wp-json\/wp\/v2\/pages\/29\/revisions"}],"predecessor-version":[{"id":87,"href":"https:\/\/katouphotographie.com\/index.php\/wp-json\/wp\/v2\/pages\/29\/revisions\/87"}],"up":[{"embeddable":true,"href":"https:\/\/katouphotographie.com\/index.php\/wp-json\/wp\/v2\/pages\/28"}],"wp:attachment":[{"href":"https:\/\/katouphotographie.com\/index.php\/wp-json\/wp\/v2\/media?parent=29"}],"curies":[{"name":"wp","href":"https:\/\/api.w.org\/{rel}","templated":true}]}}